{"id":12,"date":"2019-10-30T19:28:17","date_gmt":"2019-10-30T18:28:17","guid":{"rendered":"http:\/\/neu.katzzoom.de\/?page_id=12"},"modified":"2020-04-20T12:55:43","modified_gmt":"2020-04-20T10:55:43","slug":"home","status":"publish","type":"page","link":"https:\/\/katzzoom.de\/","title":{"rendered":"Sie suchen&#8230;"},"content":{"rendered":"\n<p>&#8230; <strong>eine Autorin, die fesselnde und informative Reisereportagen f\u00fcr Sie schreibt? Eine Journalistin mit Fingerspitzengef\u00fchl f\u00fcr aussagekr\u00e4ftige Interviews? Eine Fotojournalistin, die Ihnen dazu die passenden Bilder liefert?<\/strong><\/p>\n\n\n\n<p><strong>Dann sind Sie richtig bei mir. Herzlich willkommen!<\/strong><\/p>\n","protected":false},"excerpt":{"rendered":"<p>&#8230; eine Autorin, die fesselnde und informative Reisereportagen f\u00fcr Sie schreibt? Eine Journalistin mit Fingerspitzengef\u00fchl f\u00fcr aussagekr\u00e4ftige Interviews? Eine Fotojournalistin, die Ihnen dazu die passenden Bilder liefert? Dann sind Sie richtig bei mir. Herzlich willkommen!<\/p>\n","protected":false},"author":1,"featured_media":0,"parent":0,"menu_order":0,"comment_status":"closed","ping_status":"closed","template":"","meta":{"footnotes":""},"class_list":["post-12","page","type-page","status-publish","hentry"],"_links":{"self":[{"href":"https:\/\/katzzoom.de\/index.php?rest_route=\/wp\/v2\/pages\/12","targetHints":{"allow":["GET"]}}],"collection":[{"href":"https:\/\/katzzoom.de\/index.php?rest_route=\/wp\/v2\/pages"}],"about":[{"href":"https:\/\/katzzoom.de\/index.php?rest_route=\/wp\/v2\/types\/page"}],"author":[{"embeddable":true,"href":"https:\/\/katzzoom.de\/index.php?rest_route=\/wp\/v2\/users\/1"}],"replies":[{"embeddable":true,"href":"https:\/\/katzzoom.de\/index.php?rest_route=%2Fwp%2Fv2%2Fcomments&post=12"}],"version-history":[{"count":6,"href":"https:\/\/katzzoom.de\/index.php?rest_route=\/wp\/v2\/pages\/12\/revisions"}],"predecessor-version":[{"id":81,"href":"https:\/\/katzzoom.de\/index.php?rest_route=\/wp\/v2\/pages\/12\/revisions\/81"}],"wp:attachment":[{"href":"https:\/\/katzzoom.de\/index.php?rest_route=%2Fwp%2Fv2%2Fmedia&parent=12"}],"curies":[{"name":"wp","href":"https:\/\/api.w.org\/{rel}","templated":true}]}}